{"id":11057,"date":"2025-11-05T15:11:12","date_gmt":"2025-11-05T15:11:12","guid":{"rendered":"https:\/\/glossar.travel\/?post_type=product&#038;p=11057"},"modified":"2026-01-14T10:44:35","modified_gmt":"2026-01-14T10:44:35","slug":"jacaranda-luxury-resort-5-side-turcia","status":"publish","type":"product","link":"https:\/\/glossar.travel\/en\/product\/jacaranda-luxury-resort-5-side-turcia\/","title":{"rendered":"Jacaranda Luxury Resort 5* Side, Turkey"},"content":{"rendered":"<div class=\"Y3BBE\" data-sfc-cp=\"\" data-hveid=\"CAEQAA\" data-processed=\"true\"><span style=\"color: #333333\">Jacaranda Luxury Resort, cunoscut anterior ca Aldiana Club Side sau Magic Life Jacaranda,<\/span>\u00a0este un hotel de lux situat \u00een Tilkiler, l\u00e2ng\u0103 Side, \u00een Turcia.<span style=\"color: #333333\"> Ofer\u0103 camere moderne, piscine, centru spa, sal\u0103 de sport \u0219i facilit\u0103\u021bi pentru familii. Resorterul se afl\u0103 pe o plaj\u0103 de nisip, la aproximativ 10 km de ora\u0219ul Side.<\/span><\/div>\n<div class=\"Fsg96\" data-sfc-cp=\"\" data-processed=\"true\"><\/div>\n<div class=\"otQkpb\" role=\"heading\" data-animation-nesting=\"\" data-sfc-cp=\"\" data-processed=\"true\">Facilit\u0103\u021bi cheie<\/div>\n<ul class=\"KsbFXc U6u95\" data-processed=\"true\">\n<li data-hveid=\"CAQQAA\"><span class=\"T286Pc\" data-sfc-cp=\"\"><strong class=\"Yjhzub\">Accommodation:<\/strong>\u00a0Camere elegante, inclusiv standard, cu acces la piscin\u0103, de familie, junior suite \u0219i swim-up suite.<\/span><\/li>\n<li data-hveid=\"CAQQAQ\"><span class=\"T286Pc\" data-sfc-cp=\"\"><strong class=\"Yjhzub\">Dot\u0103ri \u00een camer\u0103:<\/strong>\u00a0Aer condi\u021bionat, Wi-Fi gratuit, minibar, facilit\u0103\u021bi pentru ceai \u0219i cafea, TV, baie cu usc\u0103tor de p\u0103r, halate de baie \u0219i papuci.<\/span><\/li>\n<li data-hveid=\"CAQQAg\"><span class=\"T286Pc\" data-sfc-cp=\"\"><strong class=\"Yjhzub\">Recep\u021bie:<\/strong>\u00a0Receptie deschis\u0103 non-stop \u0219i serviciu de transfer (contra cost).<\/span><\/li>\n<li data-hveid=\"CAQQAw\"><span class=\"T286Pc\" data-sfc-cp=\"\"><strong class=\"Yjhzub\">Relaxare \u0219i divertisment:<\/strong>\u00a0Piscine, centru spa, sal\u0103 de sport, anima\u021bie activ\u0103 pentru adul\u021bi \u0219i copii \u0219i o gr\u0103din\u0103 mare.<\/span><\/li>\n<li data-hveid=\"CAQQBA\"><span class=\"T286Pc\" data-sfc-cp=\"\"><strong class=\"Yjhzub\">Restaurante \u0219i baruri:<\/strong>\u00a0Hotelul dispune de restaurante \u0219i baruri.<\/span><\/li>\n<li data-hveid=\"CAQQBQ\"><span class=\"T286Pc\" data-sfc-cp=\"\"><strong class=\"Yjhzub\">Location:<\/strong>\u00a0Situat \u00een Tilkiler, la 60 km de Aeroportul Antalya \u0219i la 1,3 km de plaja Colakli.<\/span><span class=\"uJ19be notranslate\" data-wiz-uids=\"x37Acf_21,x37Acf_22\"><span class=\"vKEkVd\" data-animation-atomic=\"\">\u00a0<\/span><\/span><\/li>\n<\/ul>","protected":false},"excerpt":{"rendered":"<p>Jacaranda Luxury Resort, cunoscut anterior ca Aldiana Club Side sau Magic Life Jacaranda,\u00a0este un hotel de lux situat \u00een Tilkiler, l\u00e2ng\u0103 Side, \u00een Turcia. Ofer\u0103 camere moderne, piscine, centru spa, sal\u0103 de sport \u0219i facilit\u0103\u021bi pentru familii. Resorterul se afl\u0103 pe o plaj\u0103 de nisip, la aproximativ 10 km de ora\u0219ul Side. Facilit\u0103\u021bi cheie Cazare:\u00a0Camere [&hellip;]<\/p>\n","protected":false},"featured_media":11065,"template":"","meta":[],"product_brand":[],"product_cat":[28],"product_tag":[],"class_list":{"0":"post-11057","1":"product","2":"type-product","3":"status-publish","4":"has-post-thumbnail","6":"brw_countries-turcia","7":"brw_destinatie-mare","8":"product_cat-family","10":"first","11":"instock","12":"sale","13":"shipping-taxable","14":"purchasable","15":"product-type-ovabrw_car_rental"},"_links":{"self":[{"href":"https:\/\/glossar.travel\/en\/wp-json\/wp\/v2\/product\/11057","targetHints":{"allow":["GET"]}}],"collection":[{"href":"https:\/\/glossar.travel\/en\/wp-json\/wp\/v2\/product"}],"about":[{"href":"https:\/\/glossar.travel\/en\/wp-json\/wp\/v2\/types\/product"}],"version-history":[{"count":0,"href":"https:\/\/glossar.travel\/en\/wp-json\/wp\/v2\/product\/11057\/revisions"}],"wp:featuredmedia":[{"embeddable":true,"href":"https:\/\/glossar.travel\/en\/wp-json\/wp\/v2\/media\/11065"}],"wp:attachment":[{"href":"https:\/\/glossar.travel\/en\/wp-json\/wp\/v2\/media?parent=11057"}],"wp:term":[{"taxonomy":"product_brand","embeddable":true,"href":"https:\/\/glossar.travel\/en\/wp-json\/wp\/v2\/product_brand?post=11057"},{"taxonomy":"product_cat","embeddable":true,"href":"https:\/\/glossar.travel\/en\/wp-json\/wp\/v2\/product_cat?post=11057"},{"taxonomy":"product_tag","embeddable":true,"href":"https:\/\/glossar.travel\/en\/wp-json\/wp\/v2\/product_tag?post=11057"}],"curies":[{"name":"wp","href":"https:\/\/api.w.org\/{rel}","templated":true}]}}