{"id":11028,"date":"2025-11-05T12:24:54","date_gmt":"2025-11-05T12:24:54","guid":{"rendered":"https:\/\/glossar.travel\/?post_type=product&#038;p=11028"},"modified":"2026-01-14T10:41:14","modified_gmt":"2026-01-14T10:41:14","slug":"regnum-the-crown-5-belek-turcia","status":"publish","type":"product","link":"https:\/\/glossar.travel\/en\/product\/regnum-the-crown-5-belek-turcia\/","title":{"rendered":"Regnum The Crown 5* Belek, Turkey"},"content":{"rendered":"<p>The luxury hotel is located in Belek, a popular holiday destination in Turkey. The hotel organizes evening events and offers a wonderful view of the city. The restaurants serve a variety of international cuisine. A unique feature is the rooftop terrace, which features a swimming pool, restaurant and bar. The accommodation offers rooms with a modern interior and all necessary amenities. The complex offers pool parties, sports activities and a spa center. Children benefit from playgrounds and a club. Ideal for families, couples and those who appreciate a combination of comfort, fun and harmony with nature.<\/p>","protected":false},"excerpt":{"rendered":"<p>Hotelul de lux este situat \u00een Belek, o destina\u021bie popular\u0103 de vacan\u021b\u0103 \u00een Turcia. Hotelul organizeaz\u0103 evenimente de sear\u0103 \u0219i ofer\u0103 o priveli\u0219te minunat\u0103 asupra ora\u0219ului. Restaurantele servesc o varietate de preparate din buc\u0103t\u0103ria interna\u021bional\u0103. O caracteristic\u0103 unic\u0103 este terasa de pe acoperi\u0219, care dispune de piscin\u0103, restaurant \u0219i bar. Cazarea ofer\u0103 camere cu un [&hellip;]<\/p>\n","protected":false},"featured_media":11035,"template":"","meta":[],"product_brand":[],"product_cat":[28],"product_tag":[],"class_list":{"0":"post-11028","1":"product","2":"type-product","3":"status-publish","4":"has-post-thumbnail","6":"brw_countries-turcia","7":"brw_destinatie-mare","8":"product_cat-family","10":"first","11":"instock","12":"sale","13":"shipping-taxable","14":"purchasable","15":"product-type-ovabrw_car_rental"},"_links":{"self":[{"href":"https:\/\/glossar.travel\/en\/wp-json\/wp\/v2\/product\/11028","targetHints":{"allow":["GET"]}}],"collection":[{"href":"https:\/\/glossar.travel\/en\/wp-json\/wp\/v2\/product"}],"about":[{"href":"https:\/\/glossar.travel\/en\/wp-json\/wp\/v2\/types\/product"}],"version-history":[{"count":0,"href":"https:\/\/glossar.travel\/en\/wp-json\/wp\/v2\/product\/11028\/revisions"}],"wp:featuredmedia":[{"embeddable":true,"href":"https:\/\/glossar.travel\/en\/wp-json\/wp\/v2\/media\/11035"}],"wp:attachment":[{"href":"https:\/\/glossar.travel\/en\/wp-json\/wp\/v2\/media?parent=11028"}],"wp:term":[{"taxonomy":"product_brand","embeddable":true,"href":"https:\/\/glossar.travel\/en\/wp-json\/wp\/v2\/product_brand?post=11028"},{"taxonomy":"product_cat","embeddable":true,"href":"https:\/\/glossar.travel\/en\/wp-json\/wp\/v2\/product_cat?post=11028"},{"taxonomy":"product_tag","embeddable":true,"href":"https:\/\/glossar.travel\/en\/wp-json\/wp\/v2\/product_tag?post=11028"}],"curies":[{"name":"wp","href":"https:\/\/api.w.org\/{rel}","templated":true}]}}