{"id":11017,"date":"2025-11-05T10:10:07","date_gmt":"2025-11-05T10:10:07","guid":{"rendered":"https:\/\/glossar.travel\/?post_type=product&#038;p=11017"},"modified":"2025-12-16T12:16:15","modified_gmt":"2025-12-16T12:16:15","slug":"celestyal-cruises-dubai","status":"publish","type":"product","link":"https:\/\/glossar.travel\/en\/product\/celestyal-cruises-dubai\/","title":{"rendered":"Celestyal Cruises, Dubai"},"content":{"rendered":"<p>Celestyal Cruises,\u00a0<strong>Greek cruise line<\/strong>, with a history of over 25 years in cruises and 75 years in tourism, organizes cruises, generally in the Mediterranean Sea, offering an unforgettable experience aboard its ships.<br \/>\nAll ships in the Celestyal fleet have been renovated, modernized and equipped with modern amenities. On board you will find many options for spending time: swimming pool, beauty center, disco, bars with live music, gym, casino, shops and restaurants. Celestyal Cruises is known for\u00a0<strong>the entertainment offered on board<\/strong>: cooking classes, dancing, exercise programs, games, lectures on history and archaeology, music performances, sporting events and general culture competitions \u2013 there is always something to do for everyone on board, from children to seniors.<br \/>\nThe atmosphere is one\u00a0<strong>friendly and fun<\/strong>\u00a0in accordance with\u00a0<strong>the Greek spirit<\/strong>.<\/p>\n<p>\ud83d\udea2 Dream cruise in the Gulf! \ud83c\udf34<\/p>\n<p>\u2728 Magical itinerary:<br \/>\n\ud83d\udccd 24.01\u2013 Pornire din Dubai la 23:00<br \/>\n\ud83d\udccd 26.01 \u2013 Dubai (07:00 \u2013 23:59)<\/p>\n<p>\ud83d\udccd27.01 &#8211; Dubai (00:01 &#8211; 16:00)<br \/>\n\ud83d\udccd 28.01 \u2013 Sir Bani Yas (09:00 \u2013 19:00)<br \/>\n\ud83d\udccd 29.01 \u2013 Abu Dhabi (08:00 \u2013 17:00)<br \/>\n\ud83d\udccd 30.01 \u2013 Bahrain (11:00 \u2013 18:00)<br \/>\n\ud83d\udccd 31.01 \u2013 Doha, Qatar (08:30 )<\/p>","protected":false},"excerpt":{"rendered":"<p>Celestyal Cruises,\u00a0linia de croazier\u0103 greceasca, cu o istorie de peste 25 de ani \u00een croaziere \u0219i 75 de ani \u00een turism, organizeaz\u0103 croaziere, \u00een general, \u00een Marea Mediteran\u0103, oferind o experien\u021ba de neuitat la bordul navelor sale. Toate vasele din flota Celestyal au fost renovate, modernizate \u0219i echipate cu facilit\u0103\u021bi moderne. La bord ve\u021bi g\u0103si [&hellip;]<\/p>\n","protected":false},"featured_media":11018,"template":"","meta":[],"product_brand":[],"product_cat":[28],"product_tag":[],"class_list":{"0":"post-11017","1":"product","2":"type-product","3":"status-publish","4":"has-post-thumbnail","6":"brw_countries-dubai","7":"brw_destinatie-croaziere","8":"product_cat-family","10":"first","11":"instock","12":"shipping-taxable","13":"purchasable","14":"product-type-ovabrw_car_rental"},"_links":{"self":[{"href":"https:\/\/glossar.travel\/en\/wp-json\/wp\/v2\/product\/11017","targetHints":{"allow":["GET"]}}],"collection":[{"href":"https:\/\/glossar.travel\/en\/wp-json\/wp\/v2\/product"}],"about":[{"href":"https:\/\/glossar.travel\/en\/wp-json\/wp\/v2\/types\/product"}],"version-history":[{"count":1,"href":"https:\/\/glossar.travel\/en\/wp-json\/wp\/v2\/product\/11017\/revisions"}],"predecessor-version":[{"id":11348,"href":"https:\/\/glossar.travel\/en\/wp-json\/wp\/v2\/product\/11017\/revisions\/11348"}],"wp:featuredmedia":[{"embeddable":true,"href":"https:\/\/glossar.travel\/en\/wp-json\/wp\/v2\/media\/11018"}],"wp:attachment":[{"href":"https:\/\/glossar.travel\/en\/wp-json\/wp\/v2\/media?parent=11017"}],"wp:term":[{"taxonomy":"product_brand","embeddable":true,"href":"https:\/\/glossar.travel\/en\/wp-json\/wp\/v2\/product_brand?post=11017"},{"taxonomy":"product_cat","embeddable":true,"href":"https:\/\/glossar.travel\/en\/wp-json\/wp\/v2\/product_cat?post=11017"},{"taxonomy":"product_tag","embeddable":true,"href":"https:\/\/glossar.travel\/en\/wp-json\/wp\/v2\/product_tag?post=11017"}],"curies":[{"name":"wp","href":"https:\/\/api.w.org\/{rel}","templated":true}]}}