{"id":10961,"date":"2025-11-04T10:52:29","date_gmt":"2025-11-04T10:52:29","guid":{"rendered":"https:\/\/glossar.travel\/?post_type=product&#038;p=10961"},"modified":"2026-01-05T09:36:13","modified_gmt":"2026-01-05T09:36:13","slug":"hilton-hurghada-plaza-5-egipt","status":"publish","type":"product","link":"https:\/\/glossar.travel\/en\/product\/hilton-hurghada-plaza-5-egipt\/","title":{"rendered":"Hilton Hurghada Plaza 5* Egypt"},"content":{"rendered":"<p>Hilton Hurghada Plaza Hotel is an excellent choice for a luxury vacation in Hurghada, Egypt. Located on the shores of the Red Sea, this hotel offers impressive views of the crystal clear water and coral reefs.<\/p>\n<p>Hilton Hurghada Plaza 5* awaits its guests after a complete renovation in 2019. The comfortable rooms, most of which offer magnificent panoramic sea views, will welcome you with a modern design and a cozy atmosphere.<\/p>\n<p>The hotel features a wide range of guest amenities, including a private beach with umbrellas and sun loungers, an outdoor swimming pool with a terrace, a fully equipped fitness center, a spa center and of course Wi-Fi connection throughout the property.<\/p>\n<p>There are also several options for restaurants and bars, including a main restaurant serving a wide range of international and local delicacies, as well as a Chinese and an Italian restaurant.<\/p>\n<p>For nightlife, guests can enjoy live shows and live music in the hotel bar.<\/p>","protected":false},"excerpt":{"rendered":"<p>Hotelul Hilton Hurghada Plaza este o alegere excelent\u0103 pentru o vacan\u021b\u0103 de lux \u00een Hurghada, Egipt. Amplasat pe malul m\u0103rii Ro\u0219ii, acest hotel ofer\u0103 o priveli\u0219te impresionant\u0103 asupra apei cristaline \u0219i asupra recifurilor coralieni. Hilton Hurghada Plaza 5* \u00ee\u0219i a\u0219teapt\u0103 oaspe\u021bii dup\u0103 o renovare complet\u0103 \u00een 2019. Camerele confortabile, dintre care cele mai multe ofer\u0103 [&hellip;]<\/p>\n","protected":false},"featured_media":10964,"template":"","meta":[],"product_brand":[],"product_cat":[28],"product_tag":[],"class_list":{"0":"post-10961","1":"product","2":"type-product","3":"status-publish","4":"has-post-thumbnail","6":"brw_countries-egipt","7":"brw_destinatie-mare","8":"product_cat-family","10":"first","11":"instock","12":"shipping-taxable","13":"purchasable","14":"product-type-ovabrw_car_rental"},"_links":{"self":[{"href":"https:\/\/glossar.travel\/en\/wp-json\/wp\/v2\/product\/10961","targetHints":{"allow":["GET"]}}],"collection":[{"href":"https:\/\/glossar.travel\/en\/wp-json\/wp\/v2\/product"}],"about":[{"href":"https:\/\/glossar.travel\/en\/wp-json\/wp\/v2\/types\/product"}],"version-history":[{"count":0,"href":"https:\/\/glossar.travel\/en\/wp-json\/wp\/v2\/product\/10961\/revisions"}],"wp:featuredmedia":[{"embeddable":true,"href":"https:\/\/glossar.travel\/en\/wp-json\/wp\/v2\/media\/10964"}],"wp:attachment":[{"href":"https:\/\/glossar.travel\/en\/wp-json\/wp\/v2\/media?parent=10961"}],"wp:term":[{"taxonomy":"product_brand","embeddable":true,"href":"https:\/\/glossar.travel\/en\/wp-json\/wp\/v2\/product_brand?post=10961"},{"taxonomy":"product_cat","embeddable":true,"href":"https:\/\/glossar.travel\/en\/wp-json\/wp\/v2\/product_cat?post=10961"},{"taxonomy":"product_tag","embeddable":true,"href":"https:\/\/glossar.travel\/en\/wp-json\/wp\/v2\/product_tag?post=10961"}],"curies":[{"name":"wp","href":"https:\/\/api.w.org\/{rel}","templated":true}]}}