{"id":10952,"date":"2025-11-04T10:10:54","date_gmt":"2025-11-04T10:10:54","guid":{"rendered":"https:\/\/glossar.travel\/?post_type=product&#038;p=10952"},"modified":"2026-01-14T12:10:28","modified_gmt":"2026-01-14T12:10:28","slug":"lux-south-ari-atoll-5-maldive","status":"publish","type":"product","link":"https:\/\/glossar.travel\/en\/product\/lux-south-ari-atoll-5-maldive\/","title":{"rendered":"Luxury South Ari Atoll 5* Maldives"},"content":{"rendered":"<div class=\"hotel_short_description\">A hotel for a secluded holiday on the sandy shore or by the pool. Guests are invited to practice water sports, explore the underwater world with diving and much more. The hotel has several restaurants and bars with international cuisine and drinks. Fans of a healthy lifestyle and maintaining beauty can use the services of the fitness center and spa.<\/div>\n<div class=\"hotel_general_info\"><\/div>","protected":false},"excerpt":{"rendered":"<p>Un hotel pentru o vacan\u021b\u0103 retras\u0103 pe malul nisipos sau l\u00e2ng\u0103 piscin\u0103. Oaspe\u021bii sunt invita\u021bi s\u0103 practice sporturi nautice, s\u0103 exploreze lumea subacvatic\u0103 cu scufund\u0103ri \u0219i multe altele. Hotelul are mai multe restaurante \u0219i baruri cu buc\u0103t\u0103rie interna\u021bional\u0103 \u0219i b\u0103uturi. Fanii unui stil de via\u021b\u0103 s\u0103n\u0103tos \u0219i ai men\u021binerii frumuse\u021bii pot folosi serviciile centrului de [&hellip;]<\/p>\n","protected":false},"featured_media":10954,"template":"","meta":[],"product_brand":[],"product_cat":[28],"product_tag":[],"class_list":{"0":"post-10952","1":"product","2":"type-product","3":"status-publish","4":"has-post-thumbnail","6":"brw_countries-maldive","7":"brw_destinatie-insule","8":"product_cat-family","10":"first","11":"instock","12":"sale","13":"shipping-taxable","14":"purchasable","15":"product-type-ovabrw_car_rental"},"_links":{"self":[{"href":"https:\/\/glossar.travel\/en\/wp-json\/wp\/v2\/product\/10952","targetHints":{"allow":["GET"]}}],"collection":[{"href":"https:\/\/glossar.travel\/en\/wp-json\/wp\/v2\/product"}],"about":[{"href":"https:\/\/glossar.travel\/en\/wp-json\/wp\/v2\/types\/product"}],"version-history":[{"count":0,"href":"https:\/\/glossar.travel\/en\/wp-json\/wp\/v2\/product\/10952\/revisions"}],"wp:featuredmedia":[{"embeddable":true,"href":"https:\/\/glossar.travel\/en\/wp-json\/wp\/v2\/media\/10954"}],"wp:attachment":[{"href":"https:\/\/glossar.travel\/en\/wp-json\/wp\/v2\/media?parent=10952"}],"wp:term":[{"taxonomy":"product_brand","embeddable":true,"href":"https:\/\/glossar.travel\/en\/wp-json\/wp\/v2\/product_brand?post=10952"},{"taxonomy":"product_cat","embeddable":true,"href":"https:\/\/glossar.travel\/en\/wp-json\/wp\/v2\/product_cat?post=10952"},{"taxonomy":"product_tag","embeddable":true,"href":"https:\/\/glossar.travel\/en\/wp-json\/wp\/v2\/product_tag?post=10952"}],"curies":[{"name":"wp","href":"https:\/\/api.w.org\/{rel}","templated":true}]}}