{"id":10907,"date":"2025-11-03T14:49:20","date_gmt":"2025-11-03T14:49:20","guid":{"rendered":"https:\/\/glossar.travel\/?post_type=product&#038;p=10907"},"modified":"2026-01-14T11:55:15","modified_gmt":"2026-01-14T11:55:15","slug":"meeru-island-resort-spa-4-maldive","status":"publish","type":"product","link":"https:\/\/glossar.travel\/en\/product\/meeru-island-resort-spa-4-maldive\/","title":{"rendered":"Meeru Island Resort &amp; Spa 4* Maldives"},"content":{"rendered":"<p>The resort and spa is located on Mirufenfushi Island. The island is a large area surrounded by lush vegetation, with a wide and clean lagoon, ideal for swimming. This tropical paradise offers a lot of entertainment options. You can windsurf, kayak, water ski, sail or take a dhoni boat to the house reef. Or you can simply relax on the soft white sand, enjoying the hot sun and warm ocean. The hotel offers free Wi-Fi, a spa with a variety of facial and body treatments, a fitness center, a golf course, a tennis court, several restaurants serving local, Asian and international cuisine, several bars and outdoor pools. In the evenings, guests can enjoy entertainment programs: Bodu Beru folk dance show, disco, video presentations of divers, karaoke, movie night, live music and much more. The hotel has a Kids Club for children and teenagers with a wide selection of creative activities, a swimming pool and a games room. Recommended for families with children and groups of friends.<\/p>","protected":false},"excerpt":{"rendered":"<p>Resortul \u0219i centrul spa sunt situate pe insula Mirufenfushi. Insula are o suprafa\u021b\u0103 mare, \u00eenconjurat\u0103 de vegeta\u021bie luxuriant\u0103, cu o lagun\u0103 larg\u0103 \u0219i curat\u0103, ideal\u0103 pentru \u00eenot. Acest paradis tropical ofer\u0103 o mul\u021bime de op\u021biuni de divertisment. Pute\u021bi face windsurf, caiac, schi nautic, naviga sau pute\u021bi lua o barc\u0103 dhoni spre reciful casei. Sau v\u0103 [&hellip;]<\/p>\n","protected":false},"featured_media":10916,"template":"","meta":[],"product_brand":[],"product_cat":[28],"product_tag":[],"class_list":{"0":"post-10907","1":"product","2":"type-product","3":"status-publish","4":"has-post-thumbnail","6":"brw_countries-maldive","7":"brw_destinatie-insule","8":"product_cat-family","10":"first","11":"instock","12":"shipping-taxable","13":"purchasable","14":"product-type-ovabrw_car_rental"},"_links":{"self":[{"href":"https:\/\/glossar.travel\/en\/wp-json\/wp\/v2\/product\/10907","targetHints":{"allow":["GET"]}}],"collection":[{"href":"https:\/\/glossar.travel\/en\/wp-json\/wp\/v2\/product"}],"about":[{"href":"https:\/\/glossar.travel\/en\/wp-json\/wp\/v2\/types\/product"}],"version-history":[{"count":0,"href":"https:\/\/glossar.travel\/en\/wp-json\/wp\/v2\/product\/10907\/revisions"}],"wp:featuredmedia":[{"embeddable":true,"href":"https:\/\/glossar.travel\/en\/wp-json\/wp\/v2\/media\/10916"}],"wp:attachment":[{"href":"https:\/\/glossar.travel\/en\/wp-json\/wp\/v2\/media?parent=10907"}],"wp:term":[{"taxonomy":"product_brand","embeddable":true,"href":"https:\/\/glossar.travel\/en\/wp-json\/wp\/v2\/product_brand?post=10907"},{"taxonomy":"product_cat","embeddable":true,"href":"https:\/\/glossar.travel\/en\/wp-json\/wp\/v2\/product_cat?post=10907"},{"taxonomy":"product_tag","embeddable":true,"href":"https:\/\/glossar.travel\/en\/wp-json\/wp\/v2\/product_tag?post=10907"}],"curies":[{"name":"wp","href":"https:\/\/api.w.org\/{rel}","templated":true}]}}