{"id":10883,"date":"2025-11-03T13:47:21","date_gmt":"2025-11-03T13:47:21","guid":{"rendered":"https:\/\/glossar.travel\/?post_type=product&#038;p=10883"},"modified":"2025-12-16T12:04:52","modified_gmt":"2025-12-16T12:04:52","slug":"ramada-by-wyndham-downtown-dubai-4","status":"publish","type":"product","link":"https:\/\/glossar.travel\/en\/product\/ramada-by-wyndham-downtown-dubai-4\/","title":{"rendered":"Ramada By Wyndham Downtown Dubai 4*"},"content":{"rendered":"<p>Located in the bustling and touristic city center, the hotel offers superb views of the world&#039;s tallest building, Burj Khalifa, and the Dubai Fountain.<\/p>\n<p>The hotel is within walking distance of the world&#039;s largest shopping mall, Dubai Mall, and Souq Al Bahar, with a wide range of restaurants and shops.<\/p>\n<p>It features a variety of spacious and modern rooms and apartments, equipped with all the necessary amenities for a comfortable stay.<\/p>\n<p>Guests can enjoy a variety of dining options, from traditional Dubai dishes to international cuisine.<\/p>\n<p>The property features an outdoor pool, gym, business center and children&#039;s play area. The restaurant serves Mediterranean and international cuisine throughout the day.<\/p>\n<p>The central location of Ramada Downtown Dubai Hotel allows easy access to Dubai&#039;s most popular tourist attractions, such as Dubai Mall, Burj Khalifa and the Musical Fountain.<\/p>\n<p>With personalized service, modern amenities and an excellent location, Ramada Downtown Dubai is the perfect choice for business and leisure travel in Dubai.<\/p>","protected":false},"excerpt":{"rendered":"<p>Situat \u00een centrul plin de via\u021b\u0103 \u0219i turistic al ora\u0219ului. Hotelul ofer\u0103 vederi superbe la cea mai \u00eenalt\u0103 cl\u0103dire din lume Burj Khalifa \u0219i la F\u00e2nt\u00e2na Dubai. Hotelul se afl\u0103 la c\u00e2\u021biva pa\u0219i de cel mai mare centru comercial din lume, Dubai Mall \u0219i Souq Al Bahar, cu o gam\u0103 larg\u0103 de restaurante \u0219i magazine. [&hellip;]<\/p>\n","protected":false},"featured_media":10885,"template":"","meta":[],"product_brand":[],"product_cat":[28],"product_tag":[],"class_list":{"0":"post-10883","1":"product","2":"type-product","3":"status-publish","4":"has-post-thumbnail","6":"brw_countries-dubai","7":"brw_destinatie-mare","8":"product_cat-family","10":"first","11":"instock","12":"shipping-taxable","13":"purchasable","14":"product-type-ovabrw_car_rental"},"_links":{"self":[{"href":"https:\/\/glossar.travel\/en\/wp-json\/wp\/v2\/product\/10883","targetHints":{"allow":["GET"]}}],"collection":[{"href":"https:\/\/glossar.travel\/en\/wp-json\/wp\/v2\/product"}],"about":[{"href":"https:\/\/glossar.travel\/en\/wp-json\/wp\/v2\/types\/product"}],"version-history":[{"count":0,"href":"https:\/\/glossar.travel\/en\/wp-json\/wp\/v2\/product\/10883\/revisions"}],"wp:featuredmedia":[{"embeddable":true,"href":"https:\/\/glossar.travel\/en\/wp-json\/wp\/v2\/media\/10885"}],"wp:attachment":[{"href":"https:\/\/glossar.travel\/en\/wp-json\/wp\/v2\/media?parent=10883"}],"wp:term":[{"taxonomy":"product_brand","embeddable":true,"href":"https:\/\/glossar.travel\/en\/wp-json\/wp\/v2\/product_brand?post=10883"},{"taxonomy":"product_cat","embeddable":true,"href":"https:\/\/glossar.travel\/en\/wp-json\/wp\/v2\/product_cat?post=10883"},{"taxonomy":"product_tag","embeddable":true,"href":"https:\/\/glossar.travel\/en\/wp-json\/wp\/v2\/product_tag?post=10883"}],"curies":[{"name":"wp","href":"https:\/\/api.w.org\/{rel}","templated":true}]}}