{"id":10750,"date":"2025-10-30T09:55:32","date_gmt":"2025-10-30T09:55:32","guid":{"rendered":"https:\/\/glossar.travel\/?post_type=product&#038;p=10750"},"modified":"2026-01-05T09:28:48","modified_gmt":"2026-01-05T09:28:48","slug":"iberotel-palace-adult-only-16only-5-sharm-el-sheikh-egipt","status":"publish","type":"product","link":"https:\/\/glossar.travel\/en\/product\/iberotel-palace-adult-only-16only-5-sharm-el-sheikh-egipt\/","title":{"rendered":"Iberotel Palace Adult Only 16+(only) 5* Sharm el Sheikh Egypt"},"content":{"rendered":"<p>The hotel, operating under the concept of &quot;adults only&quot;, is located in the resort of Sharm el-Sheikh and is a real decoration of the Sharm el-Maya Bay. Its convenient location makes it accessible for visiting various tourist attractions, such as the Old Town, which allows you to fully immerse yourself and enjoy the local flavor. Rooms are offered with the necessary amenities for accommodation. There are restaurants and bars on site with a wide selection of dishes and drinks. The hotel also has a beautiful green area, a wonderful sandy beach and a high level of service. Suitable for both active and relaxing holidays.<\/p>\n<p>The hotel, if necessary, is undergoing cosmetic repairs.<br \/>\nIt consists of four buildings with 2-3 floors.<br \/>\nThe hotel has a total of 263 rooms: Superior Room with Garden View, Superior Room with Side Sea View, Executive Suite with Sea View, Executive Suite with Garden View, Junior Suite, Royal Suite.<br \/>\nAvailability of rooms for people with disabilities \u2013 2 rooms (upon prior request).<br \/>\nAdjoining rooms are available (upon prior request).<\/p>","protected":false},"excerpt":{"rendered":"<p>Hotelul, care func\u021bioneaz\u0103 sub conceptul de \u201edoar pentru adul\u021bi\u201d, este situat \u00een sta\u021biunea Sharm el-Sheikh \u0219i este o adev\u0103rat\u0103 decora\u021biune a golfului Sharm el-Maya. Loca\u021bia sa convenabil\u0103 \u00eel face accesibil pentru vizitarea diverselor atrac\u021bii turistice, cum ar fi Ora\u0219ul Vechi, ceea ce v\u0103 permite s\u0103 v\u0103 cufunda\u021bi complet \u0219i s\u0103 v\u0103 bucura\u021bi de aroma local\u0103. [&hellip;]<\/p>\n","protected":false},"featured_media":10752,"template":"","meta":[],"product_brand":[],"product_cat":[28],"product_tag":[],"class_list":{"0":"post-10750","1":"product","2":"type-product","3":"status-publish","4":"has-post-thumbnail","6":"brw_countries-egipt","7":"brw_destinatie-mare","8":"product_cat-family","10":"first","11":"instock","12":"shipping-taxable","13":"purchasable","14":"product-type-ovabrw_car_rental"},"_links":{"self":[{"href":"https:\/\/glossar.travel\/en\/wp-json\/wp\/v2\/product\/10750","targetHints":{"allow":["GET"]}}],"collection":[{"href":"https:\/\/glossar.travel\/en\/wp-json\/wp\/v2\/product"}],"about":[{"href":"https:\/\/glossar.travel\/en\/wp-json\/wp\/v2\/types\/product"}],"version-history":[{"count":0,"href":"https:\/\/glossar.travel\/en\/wp-json\/wp\/v2\/product\/10750\/revisions"}],"wp:featuredmedia":[{"embeddable":true,"href":"https:\/\/glossar.travel\/en\/wp-json\/wp\/v2\/media\/10752"}],"wp:attachment":[{"href":"https:\/\/glossar.travel\/en\/wp-json\/wp\/v2\/media?parent=10750"}],"wp:term":[{"taxonomy":"product_brand","embeddable":true,"href":"https:\/\/glossar.travel\/en\/wp-json\/wp\/v2\/product_brand?post=10750"},{"taxonomy":"product_cat","embeddable":true,"href":"https:\/\/glossar.travel\/en\/wp-json\/wp\/v2\/product_cat?post=10750"},{"taxonomy":"product_tag","embeddable":true,"href":"https:\/\/glossar.travel\/en\/wp-json\/wp\/v2\/product_tag?post=10750"}],"curies":[{"name":"wp","href":"https:\/\/api.w.org\/{rel}","templated":true}]}}