{"id":10665,"date":"2025-10-27T13:54:50","date_gmt":"2025-10-27T13:54:50","guid":{"rendered":"https:\/\/glossar.travel\/?post_type=product&#038;p=10665"},"modified":"2025-12-16T10:52:58","modified_gmt":"2025-12-16T10:52:58","slug":"sofitel-the-palm-dubai-5","status":"publish","type":"product","link":"https:\/\/glossar.travel\/en\/product\/sofitel-the-palm-dubai-5\/","title":{"rendered":"Sofitel The Palm, Dubai 5*"},"content":{"rendered":"<p>Sofitel The Palm Hotel in Dubai is an oasis of luxury and comfort set on the man-made island of Palm Jumeirah. With impressive architecture and views of the Arabian Gulf, this hotel offers a wide range of facilities and services to make your stay a memorable experience.<\/p>\n<p>The hotel&#039;s rooms are elegant and spacious, with modern design and French influences. All rooms have views of the sea or the hotel&#039;s lush gardens, and daily cleaning services ensure comfort and hygiene.<\/p>\n<p>Resort-wide facilities include a private beach, a selection of outdoor and indoor swimming pools, and a modern fitness center. For the more active, there are tennis and squash courts, as well as the possibility of practicing water sports.<\/p>\n<p>The hotel also hosts a wide range of dining options, from fine-dining restaurants to casual bars and cafes. Whether you want to enjoy a romantic dinner in a chic restaurant or sip an exotic cocktail at the pool bar, you are sure to find something to your taste.<\/p>\n<p>Sofitel The Palm in Dubai offers a true luxury experience in an idyllic setting, and is a perfect place for memorable vacations or business events.<\/p>","protected":false},"excerpt":{"rendered":"<p>Hotelul Sofitel The Palm din Dubai este o oaz\u0103 de lux \u0219i confort a\u0219ezat\u0103 pe insula artificial\u0103 Palm Jumeirah. Cu o arhitectur\u0103 impresionant\u0103 \u0219i cu vedere la Golful Persic, acest hotel ofer\u0103 o gam\u0103 larg\u0103 de facilit\u0103\u021bi \u0219i servicii, pentru a face \u0219ederea o experien\u021b\u0103 memorabil\u0103. Camerele hotelului sunt elegante \u0219i spa\u021bioase, cu design modern [&hellip;]<\/p>\n","protected":false},"featured_media":10668,"template":"","meta":[],"product_brand":[],"product_cat":[28],"product_tag":[],"class_list":{"0":"post-10665","1":"product","2":"type-product","3":"status-publish","4":"has-post-thumbnail","6":"brw_countries-dubai","7":"brw_destinatie-mare","8":"product_cat-family","10":"first","11":"instock","12":"shipping-taxable","13":"purchasable","14":"product-type-ovabrw_car_rental"},"_links":{"self":[{"href":"https:\/\/glossar.travel\/en\/wp-json\/wp\/v2\/product\/10665","targetHints":{"allow":["GET"]}}],"collection":[{"href":"https:\/\/glossar.travel\/en\/wp-json\/wp\/v2\/product"}],"about":[{"href":"https:\/\/glossar.travel\/en\/wp-json\/wp\/v2\/types\/product"}],"version-history":[{"count":0,"href":"https:\/\/glossar.travel\/en\/wp-json\/wp\/v2\/product\/10665\/revisions"}],"wp:featuredmedia":[{"embeddable":true,"href":"https:\/\/glossar.travel\/en\/wp-json\/wp\/v2\/media\/10668"}],"wp:attachment":[{"href":"https:\/\/glossar.travel\/en\/wp-json\/wp\/v2\/media?parent=10665"}],"wp:term":[{"taxonomy":"product_brand","embeddable":true,"href":"https:\/\/glossar.travel\/en\/wp-json\/wp\/v2\/product_brand?post=10665"},{"taxonomy":"product_cat","embeddable":true,"href":"https:\/\/glossar.travel\/en\/wp-json\/wp\/v2\/product_cat?post=10665"},{"taxonomy":"product_tag","embeddable":true,"href":"https:\/\/glossar.travel\/en\/wp-json\/wp\/v2\/product_tag?post=10665"}],"curies":[{"name":"wp","href":"https:\/\/api.w.org\/{rel}","templated":true}]}}