{"id":10424,"date":"2025-10-23T07:50:38","date_gmt":"2025-10-23T07:50:38","guid":{"rendered":"https:\/\/glossar.travel\/?post_type=product&#038;p=10424"},"modified":"2026-01-14T09:31:40","modified_gmt":"2026-01-14T09:31:40","slug":"senseana-sea-side-resort-spa-5-grecia","status":"publish","type":"product","link":"https:\/\/glossar.travel\/en\/product\/senseana-sea-side-resort-spa-5-grecia\/","title":{"rendered":"SENSEANA SEA SIDE RESORT &amp; SPA 5* Greece"},"content":{"rendered":"<p>Recently renovated, Senseana Sea Side Resort is located in the quiet seaside village of Analipsis, just a few steps from the beach. On the territory there are swimming pools for adults and children, restaurants and bars. For sports lovers there is a gym.<\/p>\n<p>There is also a spa center on site with all the services for relaxation. For younger guests, there is a kids&#039; club, an indoor playground and a water park. Free Wi-Fi is available throughout the hotel. In the evenings there are animation programs for adults.<\/p>","protected":false},"excerpt":{"rendered":"<p>Recent renovat, Senseana Sea Side Resort este situat \u00een satul lini\u0219tit de pe malul m\u0103rii Analipsis, la doar c\u00e2\u021biva pa\u0219i de plaj\u0103. Pe teritoriu exist\u0103 piscine pentru adul\u021bi \u0219i copii, restaurante \u0219i baruri. Pentru iubitorii de sport exist\u0103 o sal\u0103 de gimnastic\u0103. De asemenea, pe site exist\u0103 un centru spa cu toate serviciile de relaxare. [&hellip;]<\/p>\n","protected":false},"featured_media":10430,"template":"","meta":[],"product_brand":[],"product_cat":[28],"product_tag":[],"class_list":{"0":"post-10424","1":"product","2":"type-product","3":"status-publish","4":"has-post-thumbnail","6":"brw_countries-grecia","7":"brw_destinatie-mare","8":"product_cat-family","10":"first","11":"instock","12":"sale","13":"shipping-taxable","14":"purchasable","15":"product-type-ovabrw_car_rental"},"_links":{"self":[{"href":"https:\/\/glossar.travel\/en\/wp-json\/wp\/v2\/product\/10424","targetHints":{"allow":["GET"]}}],"collection":[{"href":"https:\/\/glossar.travel\/en\/wp-json\/wp\/v2\/product"}],"about":[{"href":"https:\/\/glossar.travel\/en\/wp-json\/wp\/v2\/types\/product"}],"version-history":[{"count":0,"href":"https:\/\/glossar.travel\/en\/wp-json\/wp\/v2\/product\/10424\/revisions"}],"wp:featuredmedia":[{"embeddable":true,"href":"https:\/\/glossar.travel\/en\/wp-json\/wp\/v2\/media\/10430"}],"wp:attachment":[{"href":"https:\/\/glossar.travel\/en\/wp-json\/wp\/v2\/media?parent=10424"}],"wp:term":[{"taxonomy":"product_brand","embeddable":true,"href":"https:\/\/glossar.travel\/en\/wp-json\/wp\/v2\/product_brand?post=10424"},{"taxonomy":"product_cat","embeddable":true,"href":"https:\/\/glossar.travel\/en\/wp-json\/wp\/v2\/product_cat?post=10424"},{"taxonomy":"product_tag","embeddable":true,"href":"https:\/\/glossar.travel\/en\/wp-json\/wp\/v2\/product_tag?post=10424"}],"curies":[{"name":"wp","href":"https:\/\/api.w.org\/{rel}","templated":true}]}}