{"id":10409,"date":"2025-10-23T07:23:53","date_gmt":"2025-10-23T07:23:53","guid":{"rendered":"https:\/\/glossar.travel\/?post_type=product&#038;p=10409"},"modified":"2026-01-14T09:20:17","modified_gmt":"2026-01-14T09:20:17","slug":"lyttos-beach-hotel-5-grecia","status":"publish","type":"product","link":"https:\/\/glossar.travel\/en\/product\/lyttos-beach-hotel-5-grecia\/","title":{"rendered":"LYTTOS BEACH HOTEL 5* Greece"},"content":{"rendered":"<p>A luxury resort located in Analipsi, Heraklion, Greece. Situated on a long sandy beach, the hotel offers spacious and comfortable rooms with sea, pool or garden views. Guests can enjoy a wide range of facilities and activities, including several swimming pools, water slides, beach volleyball, tennis courts, a fitness centre, a spa and more. The hotel also has a variety of restaurants and bars, serving delicious and authentic Greek cuisine. Perfect for a relaxing beach holiday or an active holiday.<\/p>","protected":false},"excerpt":{"rendered":"<p>Un complex de lux situat \u00een Analipsi, Heraklion, Grecia. Situat pe o plaj\u0103 lung\u0103 de nisip, hotelul ofer\u0103 camere spa\u021bioase \u0219i confortabile, cu vedere la mare, la piscin\u0103 sau la gr\u0103din\u0103. Oaspe\u021bii se pot bucura de o gam\u0103 larg\u0103 de facilit\u0103\u021bi \u0219i activit\u0103\u021bi, inclusiv mai multe piscine, tobogane cu ap\u0103, volei pe plaj\u0103, terenuri de [&hellip;]<\/p>\n","protected":false},"featured_media":10415,"template":"","meta":[],"product_brand":[],"product_cat":[28],"product_tag":[],"class_list":{"0":"post-10409","1":"product","2":"type-product","3":"status-publish","4":"has-post-thumbnail","6":"brw_countries-grecia","7":"brw_destinatie-mare","8":"product_cat-family","10":"first","11":"instock","12":"shipping-taxable","13":"purchasable","14":"product-type-ovabrw_car_rental"},"_links":{"self":[{"href":"https:\/\/glossar.travel\/en\/wp-json\/wp\/v2\/product\/10409","targetHints":{"allow":["GET"]}}],"collection":[{"href":"https:\/\/glossar.travel\/en\/wp-json\/wp\/v2\/product"}],"about":[{"href":"https:\/\/glossar.travel\/en\/wp-json\/wp\/v2\/types\/product"}],"version-history":[{"count":0,"href":"https:\/\/glossar.travel\/en\/wp-json\/wp\/v2\/product\/10409\/revisions"}],"wp:featuredmedia":[{"embeddable":true,"href":"https:\/\/glossar.travel\/en\/wp-json\/wp\/v2\/media\/10415"}],"wp:attachment":[{"href":"https:\/\/glossar.travel\/en\/wp-json\/wp\/v2\/media?parent=10409"}],"wp:term":[{"taxonomy":"product_brand","embeddable":true,"href":"https:\/\/glossar.travel\/en\/wp-json\/wp\/v2\/product_brand?post=10409"},{"taxonomy":"product_cat","embeddable":true,"href":"https:\/\/glossar.travel\/en\/wp-json\/wp\/v2\/product_cat?post=10409"},{"taxonomy":"product_tag","embeddable":true,"href":"https:\/\/glossar.travel\/en\/wp-json\/wp\/v2\/product_tag?post=10409"}],"curies":[{"name":"wp","href":"https:\/\/api.w.org\/{rel}","templated":true}]}}