{"id":10399,"date":"2025-10-23T07:07:38","date_gmt":"2025-10-23T07:07:38","guid":{"rendered":"https:\/\/glossar.travel\/?post_type=product&#038;p=10399"},"modified":"2026-01-14T09:17:37","modified_gmt":"2026-01-14T09:17:37","slug":"mirabello-bay-luxury-resort-5-crete-grecia","status":"publish","type":"product","link":"https:\/\/glossar.travel\/en\/product\/mirabello-bay-luxury-resort-5-crete-grecia\/","title":{"rendered":"Mirabello Bay Luxury Resort 5* Crete Greece"},"content":{"rendered":"<p>Surrounded by the green slopes of Lassithi and the azure waters of the Cretan Sea, Wyndham Grand Crete Mirabello Bay is an exceptional place to relax. Guests will experience authentic Cretan hospitality by staying in one of the hotel&#039;s rooms and bungalows, which are built with the natural surroundings in mind and with a special focus on comfort and luxury. The hotel features modern d\u00e9cor, luxurious furnishings and sophisticated touches of extravagance, as well as breathtaking views of the sea, gardens or the picturesque town of Agios Nikolaos. In the spa and fitness center, a team of professionals will offer guests a variety of massages, facial and body treatments, a heated pool, sauna and jacuzzi, as well as a modern gym. Fans of outdoor activities are invited to engage in water sports, tennis, beach volleyball or aqua aerobics. For children, the hotel offers children&#039;s pools with sea water, a playground, a kids&#039; club, a variety of entertainment and educational activities and a mini disco. Among other things, the hotel offers many opportunities for organizing various types of events, from business meetings and conferences to celebrating romantic life events.<\/p>","protected":false},"excerpt":{"rendered":"<p>\u00cenconjurat de versan\u021bii verzi ai Lassithi \u0219i de apele azurii ale M\u0103rii Cretei, Wyndham Grand Crete Mirabello Bay este un loc excep\u021bional pentru relaxare. Oaspe\u021bii vor experimenta ospitalitatea cretan\u0103 autentic\u0103 caz\u00e2nd \u00eentr-una dintre camerele \u0219i bungalourile hotelului, care sunt construite av\u00e2nd \u00een vedere mediul natural \u00eenconjur\u0103tor \u0219i cu accent deosebit pe confort \u0219i lux. Hotelul [&hellip;]<\/p>\n","protected":false},"featured_media":10404,"template":"","meta":[],"product_brand":[],"product_cat":[28],"product_tag":[],"class_list":{"0":"post-10399","1":"product","2":"type-product","3":"status-publish","4":"has-post-thumbnail","6":"brw_countries-grecia","7":"brw_destinatie-mare","8":"product_cat-family","10":"first","11":"instock","12":"shipping-taxable","13":"purchasable","14":"product-type-ovabrw_car_rental"},"_links":{"self":[{"href":"https:\/\/glossar.travel\/en\/wp-json\/wp\/v2\/product\/10399","targetHints":{"allow":["GET"]}}],"collection":[{"href":"https:\/\/glossar.travel\/en\/wp-json\/wp\/v2\/product"}],"about":[{"href":"https:\/\/glossar.travel\/en\/wp-json\/wp\/v2\/types\/product"}],"version-history":[{"count":0,"href":"https:\/\/glossar.travel\/en\/wp-json\/wp\/v2\/product\/10399\/revisions"}],"wp:featuredmedia":[{"embeddable":true,"href":"https:\/\/glossar.travel\/en\/wp-json\/wp\/v2\/media\/10404"}],"wp:attachment":[{"href":"https:\/\/glossar.travel\/en\/wp-json\/wp\/v2\/media?parent=10399"}],"wp:term":[{"taxonomy":"product_brand","embeddable":true,"href":"https:\/\/glossar.travel\/en\/wp-json\/wp\/v2\/product_brand?post=10399"},{"taxonomy":"product_cat","embeddable":true,"href":"https:\/\/glossar.travel\/en\/wp-json\/wp\/v2\/product_cat?post=10399"},{"taxonomy":"product_tag","embeddable":true,"href":"https:\/\/glossar.travel\/en\/wp-json\/wp\/v2\/product_tag?post=10399"}],"curies":[{"name":"wp","href":"https:\/\/api.w.org\/{rel}","templated":true}]}}