{"id":10179,"date":"2025-10-20T09:27:57","date_gmt":"2025-10-20T09:27:57","guid":{"rendered":"https:\/\/glossar.travel\/?post_type=product&#038;p=10179"},"modified":"2025-12-04T09:41:00","modified_gmt":"2025-12-04T09:41:00","slug":"break-sokos-hotel-levi-4-laponia-finlanda","status":"publish","type":"product","link":"https:\/\/glossar.travel\/en\/product\/break-sokos-hotel-levi-4-laponia-finlanda\/","title":{"rendered":"Break Sokos Hotel Levi 4* Lapland Finland"},"content":{"rendered":"<p>Sokos Hotel Levi is located among the pillars of Lapland, 170 km north of the Arctic Circle. Sokos Hotel Levi is more than a hotel: it is a joyful respite from everyday life. This hotel is located in the Levi ski resort, close to the slopes and cross-country ski trails. The rooms are located in 3 different buildings and feature wooden floors, a minibar and a private bathroom. They include a TV with pay-per-view channels, an iron and a safety deposit box. All rooms are decorated with themes of different seasons. You can also get acquainted with the animals and nature of Lapland in the hotel rooms \u2013 they are presented, in particular, in paintings and curtains. After a day of skiing, the hotel offers a shared laundry room with washing machines and dryers. Other dining options at Sokos Hotel Levi include the \u00e0 la carte restaurant Kiisa and the Coffee House Caf\u00e9-Bar. Heated covered parking is available during the winter months. Quality services and a friendly atmosphere make this hotel very comfortable.<\/p>","protected":false},"excerpt":{"rendered":"<p>Hotelul Sokos Levi este situat printre coloanele Laponiei, la 170 km nord de Cercul Arctic. Sokos Hotel Levi este mai mult dec\u00e2t un hotel: este un r\u0103gaz vesel \u00een mijlocul vie\u021bii de zi cu zi. Acest hotel este situat \u00een sta\u021biunea de schi Levi, aproape de p\u00e2rtii \u0219i de traseele de schi fond. Camerele sunt [&hellip;]<\/p>\n","protected":false},"featured_media":10182,"template":"","meta":[],"product_brand":[],"product_cat":[28],"product_tag":[],"class_list":{"0":"post-10179","1":"product","2":"type-product","3":"status-publish","4":"has-post-thumbnail","6":"brw_countries-finlanda","7":"brw_destinatie-munte","8":"product_cat-family","10":"first","11":"instock","12":"sale","13":"shipping-taxable","14":"purchasable","15":"product-type-ovabrw_car_rental"},"_links":{"self":[{"href":"https:\/\/glossar.travel\/en\/wp-json\/wp\/v2\/product\/10179","targetHints":{"allow":["GET"]}}],"collection":[{"href":"https:\/\/glossar.travel\/en\/wp-json\/wp\/v2\/product"}],"about":[{"href":"https:\/\/glossar.travel\/en\/wp-json\/wp\/v2\/types\/product"}],"version-history":[{"count":1,"href":"https:\/\/glossar.travel\/en\/wp-json\/wp\/v2\/product\/10179\/revisions"}],"predecessor-version":[{"id":10194,"href":"https:\/\/glossar.travel\/en\/wp-json\/wp\/v2\/product\/10179\/revisions\/10194"}],"wp:featuredmedia":[{"embeddable":true,"href":"https:\/\/glossar.travel\/en\/wp-json\/wp\/v2\/media\/10182"}],"wp:attachment":[{"href":"https:\/\/glossar.travel\/en\/wp-json\/wp\/v2\/media?parent=10179"}],"wp:term":[{"taxonomy":"product_brand","embeddable":true,"href":"https:\/\/glossar.travel\/en\/wp-json\/wp\/v2\/product_brand?post=10179"},{"taxonomy":"product_cat","embeddable":true,"href":"https:\/\/glossar.travel\/en\/wp-json\/wp\/v2\/product_cat?post=10179"},{"taxonomy":"product_tag","embeddable":true,"href":"https:\/\/glossar.travel\/en\/wp-json\/wp\/v2\/product_tag?post=10179"}],"curies":[{"name":"wp","href":"https:\/\/api.w.org\/{rel}","templated":true}]}}