{"id":10158,"date":"2025-10-20T07:33:31","date_gmt":"2025-10-20T07:33:31","guid":{"rendered":"https:\/\/glossar.travel\/?post_type=product&#038;p=10158"},"modified":"2026-01-14T10:13:28","modified_gmt":"2026-01-14T10:13:28","slug":"rixos-downtown-5-antalya-turcia","status":"publish","type":"product","link":"https:\/\/glossar.travel\/en\/product\/rixos-downtown-5-antalya-turcia\/","title":{"rendered":"RIXOS DOWNTOWN 5* ANTALYA TURKEY"},"content":{"rendered":"<p>The Rixos Downtown Hotel in Turkey is in a beautiful location right on the seafront, just a few meters from Konyaalti Beach.<\/p>\n<p>The hotel has a number of modernly furnished rooms equipped with all the necessary amenities, this hotel offers guests a luxurious accommodation experience.<\/p>\n<p>In the spacious and elegant rooms, guests can enjoy air conditioning, a minibar, a flat-screen TV, a safe and free WiFi. The private bathrooms are fitted with a bath or shower and free toiletries.<\/p>\n<p>Rixos Downtown Hotel offers a wide range of facilities and services that will make your holiday unforgettable. The hotel complex features 3 restaurants that offer a variety of delicious dishes from Turkish and international cuisine. Guests can also enjoy refreshing cocktails or exotic drinks at the pool bar.<\/p>\n<p>To relax, guests have access to the outdoor pool, indoor pool and spa. At the spa, guests can choose from a wide range of therapies and treatments to refresh and revitalize their body and mind.<\/p>\n<p>In addition, the Rixos Downtown hotel offers a wide range of sports and entertainment activities such as: tennis and basketball courts, children&#039;s playgrounds and an animation program for all ages.<\/p>\n<p>All this makes Rixos Downtown a perfect destination for tourists who want a luxurious and relaxing vacation by the sea.<\/p>","protected":false},"excerpt":{"rendered":"<p>Hotelul Rixos Downtown din Turcia se afl\u0103 \u00eentr-o loca\u021bie frumoas\u0103 situat\u0103 chiar la malul m\u0103rii, la doar c\u00e2\u021biva metri de plaja Konyaalti. Hotelul are o serie de camere modern mobilate \u0219i dotate cu toate facilit\u0103\u021bile necesare, acest hotel ofer\u0103 oaspe\u021bilor o experien\u021b\u0103 de cazare de lux. \u00cen camerele spa\u021bioase \u0219i elegante, oaspe\u021bii se pot bucura [&hellip;]<\/p>\n","protected":false},"featured_media":10159,"template":"","meta":[],"product_brand":[],"product_cat":[28],"product_tag":[],"class_list":{"0":"post-10158","1":"product","2":"type-product","3":"status-publish","4":"has-post-thumbnail","6":"brw_countries-turcia","7":"brw_destinatie-mare","8":"product_cat-family","10":"first","11":"instock","12":"sale","13":"shipping-taxable","14":"purchasable","15":"product-type-ovabrw_car_rental"},"_links":{"self":[{"href":"https:\/\/glossar.travel\/en\/wp-json\/wp\/v2\/product\/10158","targetHints":{"allow":["GET"]}}],"collection":[{"href":"https:\/\/glossar.travel\/en\/wp-json\/wp\/v2\/product"}],"about":[{"href":"https:\/\/glossar.travel\/en\/wp-json\/wp\/v2\/types\/product"}],"version-history":[{"count":0,"href":"https:\/\/glossar.travel\/en\/wp-json\/wp\/v2\/product\/10158\/revisions"}],"wp:featuredmedia":[{"embeddable":true,"href":"https:\/\/glossar.travel\/en\/wp-json\/wp\/v2\/media\/10159"}],"wp:attachment":[{"href":"https:\/\/glossar.travel\/en\/wp-json\/wp\/v2\/media?parent=10158"}],"wp:term":[{"taxonomy":"product_brand","embeddable":true,"href":"https:\/\/glossar.travel\/en\/wp-json\/wp\/v2\/product_brand?post=10158"},{"taxonomy":"product_cat","embeddable":true,"href":"https:\/\/glossar.travel\/en\/wp-json\/wp\/v2\/product_cat?post=10158"},{"taxonomy":"product_tag","embeddable":true,"href":"https:\/\/glossar.travel\/en\/wp-json\/wp\/v2\/product_tag?post=10158"}],"curies":[{"name":"wp","href":"https:\/\/api.w.org\/{rel}","templated":true}]}}